{"id":239236,"date":"2024-12-31T12:49:58","date_gmt":"2024-12-31T12:49:58","guid":{"rendered":"https:\/\/oficial.rocketbot.com\/?page_id=239236"},"modified":"2024-12-31T12:58:31","modified_gmt":"2024-12-31T12:58:31","slug":"politica-de-entrega","status":"publish","type":"page","link":"https:\/\/rocketbot.com\/es\/politica-de-entrega\/","title":{"rendered":"Pol\u00edtica de entrega"},"content":{"rendered":"\t\t<div data-elementor-type=\"wp-page\" data-elementor-id=\"239236\" class=\"elementor elementor-239236\" data-elementor-post-type=\"page\">\n\t\t\t\t\t\t<section class=\"elementor-section elementor-top-section elementor-element elementor-element-b3a2e6b elementor-section-boxed elementor-section-height-default elementor-section-height-default\" data-id=\"b3a2e6b\" data-element_type=\"section\" data-e-type=\"section\">\n\t\t\t\t\t\t<div class=\"elementor-container elementor-column-gap-default\">\n\t\t\t\t\t<div class=\"elementor-column elementor-col-100 elementor-top-column elementor-element elementor-element-70400af\" data-id=\"70400af\" data-element_type=\"column\" data-e-type=\"column\">\n\t\t\t<div class=\"elementor-widget-wrap elementor-element-populated\">\n\t\t\t\t\t\t<div class=\"elementor-element elementor-element-f43f97c elementor-widget elementor-widget-text-editor\" data-id=\"f43f97c\" data-element_type=\"widget\" data-e-type=\"widget\" data-widget_type=\"text-editor.default\">\n\t\t\t\t<div class=\"elementor-widget-container\">\n\t\t\t\t\t\t\t\t\t<h4><strong>Pol\u00edtica de Entrega <\/strong><\/h4><p>Una vez recibida la orden de compra por Rocketbot, las licencias pueden solicitarse a trav\u00e9s de nuestro sitio web <a href=\"https:\/\/license.rocketbot.co\/solicitud\">https:\/\/license.rocketbot.co\/solicitud<\/a>. La entrega de las licencias se realizar\u00e1 en un plazo de 2 a 24 horas.<\/p><p><strong>Pol\u00edtica de devoluciones y reembolso<\/strong><br \/>Rocketbot aceptar\u00e1 la devoluci\u00f3n de un producto en un plazo m\u00e1ximo de 30 d\u00edas desde el env\u00edo de la orden de compra, siempre y cuando sea debido a una falla del producto que no pueda subsanarse en un plazo inferior a 60 d\u00edas.<\/p><p><strong>Pol\u00edtica de cancelaci\u00f3n<\/strong><br \/>Rocketbot no aceptar\u00e1 la cancelaci\u00f3n de una compra de licencias una vez recibida la orden\u00a0de\u00a0compra.<\/p>\t\t\t\t\t\t\t\t<\/div>\n\t\t\t\t<\/div>\n\t\t\t\t\t<\/div>\n\t\t<\/div>\n\t\t\t\t\t<\/div>\n\t\t<\/section>\n\t\t\t\t<\/div>\n\t\t","protected":false},"excerpt":{"rendered":"<p>Pol\u00edtica de Entrega Una vez recibida la orden de compra por Rocketbot, las licencias pueden solicitarse a trav\u00e9s de nuestro sitio web https:\/\/license.rocketbot.co\/solicitud. La entrega de las licencias se realizar\u00e1 en un plazo de 2 a 24 horas. Pol\u00edtica de devoluciones y reembolsoRocketbot aceptar\u00e1 la devoluci\u00f3n de un producto en un plazo m\u00e1ximo de 30 [&hellip;]<\/p>\n","protected":false},"author":11,"featured_media":0,"parent":0,"menu_order":0,"comment_status":"closed","ping_status":"closed","template":"","meta":{"footnotes":""},"class_list":["post-239236","page","type-page","status-publish","hentry"],"_links":{"self":[{"href":"https:\/\/rocketbot.com\/es\/wp-json\/wp\/v2\/pages\/239236","targetHints":{"allow":["GET"]}}],"collection":[{"href":"https:\/\/rocketbot.com\/es\/wp-json\/wp\/v2\/pages"}],"about":[{"href":"https:\/\/rocketbot.com\/es\/wp-json\/wp\/v2\/types\/page"}],"author":[{"embeddable":true,"href":"https:\/\/rocketbot.com\/es\/wp-json\/wp\/v2\/users\/11"}],"replies":[{"embeddable":true,"href":"https:\/\/rocketbot.com\/es\/wp-json\/wp\/v2\/comments?post=239236"}],"version-history":[{"count":13,"href":"https:\/\/rocketbot.com\/es\/wp-json\/wp\/v2\/pages\/239236\/revisions"}],"predecessor-version":[{"id":239250,"href":"https:\/\/rocketbot.com\/es\/wp-json\/wp\/v2\/pages\/239236\/revisions\/239250"}],"wp:attachment":[{"href":"https:\/\/rocketbot.com\/es\/wp-json\/wp\/v2\/media?parent=239236"}],"curies":[{"name":"wp","href":"https:\/\/api.w.org\/{rel}","templated":true}]}}