{"id":244608,"date":"2026-05-04T11:26:05","date_gmt":"2026-05-04T11:26:05","guid":{"rendered":"https:\/\/rocketbot.com\/?page_id=244608"},"modified":"2026-05-04T11:28:47","modified_gmt":"2026-05-04T11:28:47","slug":"politicas-de-seguridad","status":"publish","type":"page","link":"https:\/\/rocketbot.com\/es\/politicas-de-seguridad\/","title":{"rendered":"Pol\u00edticas de seguridad"},"content":{"rendered":"\t\t<div data-elementor-type=\"wp-page\" data-elementor-id=\"244608\" class=\"elementor elementor-244608\" data-elementor-post-type=\"page\">\n\t\t\t\t\t\t<section class=\"elementor-section elementor-top-section elementor-element elementor-element-52b29d7e elementor-section-boxed elementor-section-height-default elementor-section-height-default\" data-id=\"52b29d7e\" data-element_type=\"section\" data-e-type=\"section\">\n\t\t\t\t\t\t<div class=\"elementor-container elementor-column-gap-default\">\n\t\t\t\t\t<div class=\"elementor-column elementor-col-100 elementor-top-column elementor-element elementor-element-48930ce4\" data-id=\"48930ce4\" data-element_type=\"column\" data-e-type=\"column\">\n\t\t\t<div class=\"elementor-widget-wrap elementor-element-populated\">\n\t\t\t\t\t\t<div class=\"elementor-element elementor-element-3239de76 elementor-widget elementor-widget-text-editor\" data-id=\"3239de76\" data-element_type=\"widget\" data-e-type=\"widget\" data-widget_type=\"text-editor.default\">\n\t\t\t\t<div class=\"elementor-widget-container\">\n\t\t\t\t\t\t\t\t\t<h2>Pol\u00edticas de seguridad<\/h2><p dir=\"ltr\" style=\"color: #000000; font-family: 'Lato 2', sans-serif, system-ui, -apple-system, 'Segoe UI', Roboto, Ubuntu, Cantarell, 'Noto Sans'; font-size: 14px; letter-spacing: normal; line-height: 1.284; text-align: justify; margin-top: 0pt; margin-bottom: 8pt;\"><span style=\"font-size: 11pt; font-family: Roboto, sans-serif; color: #525252; background-color: transparent; font-variant: normal; vertical-align: baseline; white-space: pre-wrap;\">La Seguridad de la Informaci\u00f3n en Rocketbot es parte fundamental del negocio para as\u00ed entregar confianza a nuestros clientes y usuarios sobre las tecnolog\u00edas de la informaci\u00f3n que operamos. La data, con base en nuestra clasificaci\u00f3n de la informaci\u00f3n, es gestionada con los m\u00e1s altos est\u00e1ndares seg\u00fan las mejores pr\u00e1cticas disponibles en el mercado, lo cual es una base para nuestro crecimiento y sustentabilidad organizaci\u00f3n.<\/span><\/p><p dir=\"ltr\" style=\"color: #000000; font-family: 'Lato 2', sans-serif, system-ui, -apple-system, 'Segoe UI', Roboto, Ubuntu, Cantarell, 'Noto Sans'; font-size: 14px; letter-spacing: normal; line-height: 1.284; text-align: justify; margin-top: 0pt; margin-bottom: 8pt;\"><span style=\"font-size: 11pt; font-family: Roboto, sans-serif; color: #525252; background-color: transparent; font-variant: normal; vertical-align: baseline; white-space: pre-wrap;\">La Seguridad de la Informaci\u00f3n en Rocketbot es posible dado el compromiso de la alta direcci\u00f3n promoviendo una cultura de mejora continua, facilitando los recursos y herramientas necesarias.<\/span><\/p><p dir=\"ltr\" style=\"color: #000000; font-family: 'Lato 2', sans-serif, system-ui, -apple-system, 'Segoe UI', Roboto, Ubuntu, Cantarell, 'Noto Sans'; font-size: 14px; letter-spacing: normal; line-height: 1.284; text-align: justify; margin-top: 0pt; margin-bottom: 8pt;\"><span style=\"font-size: 11pt; font-family: Roboto, sans-serif; color: #525252; background-color: transparent; font-variant: normal; vertical-align: baseline; white-space: pre-wrap;\">La alta direcci\u00f3n entiende y atiende la importancia y beneficios de mantenerse en cumplimiento, no solo con los requerimientos de ISO 27001 y mejores pr\u00e1cticas de seguridad, sino adem\u00e1s con otros requisitos legales, contractuales y gubernamentales relevantes para el contexto de la organizaci\u00f3n.<\/span><\/p><p dir=\"ltr\" style=\"color: #000000; font-family: 'Lato 2', sans-serif, system-ui, -apple-system, 'Segoe UI', Roboto, Ubuntu, Cantarell, 'Noto Sans'; font-size: 14px; letter-spacing: normal; line-height: 1.284; text-align: justify; margin-top: 0pt; margin-bottom: 8pt;\"><span style=\"font-size: 11pt; font-family: Roboto, sans-serif; color: #525252; background-color: transparent; font-variant: normal; vertical-align: baseline; white-space: pre-wrap;\">Como parte de este compromiso, la alta direcci\u00f3n establece y respalda los siguientes objetivos de seguridad de la informaci\u00f3n alineados al SGSI y a la estrategia organizacional:<\/span><\/p><ul style=\"color: #000000; font-family: 'Lato 2', sans-serif, system-ui, -apple-system, 'Segoe UI', Roboto, Ubuntu, Cantarell, 'Noto Sans'; font-size: 14px; letter-spacing: normal; background-color: #ffffff;\"><li dir=\"ltr\" style=\"list-style-type: disc; font-size: 11pt; font-family: Roboto, sans-serif; color: #bc0202; font-variant: normal; white-space: pre-wrap;\"><p dir=\"ltr\" style=\"line-height: 1.28; text-align: justify; margin-top: 0pt; margin-bottom: 0pt;\"><span style=\"font-size: 11pt; color: #525252; background-color: transparent; font-variant: normal; vertical-align: baseline;\">Implementar controles de vigilancia continua que permitan identificar y reportar el 100% de las amenazas cr\u00edticas detectadas en los sistemas de informaci\u00f3n.<\/span><\/p><\/li><li dir=\"ltr\" style=\"list-style-type: disc; font-size: 11pt; font-family: Roboto, sans-serif; color: #bc0202; font-variant: normal; white-space: pre-wrap;\"><p dir=\"ltr\" style=\"line-height: 1.28; text-align: justify; margin-top: 0pt; margin-bottom: 0pt;\"><span style=\"font-size: 11pt; color: #525252; background-color: transparent; font-variant: normal; vertical-align: baseline;\">Fortalecer la configuraci\u00f3n segura de los sistemas tecnol\u00f3gicos cr\u00edticos mediante la implementaci\u00f3n de controles de hardening basados en est\u00e1ndares reconocidos.<\/span><\/p><\/li><li dir=\"ltr\" style=\"list-style-type: disc; font-size: 11pt; font-family: Roboto, sans-serif; color: #bc0202; font-variant: normal; white-space: pre-wrap;\"><p dir=\"ltr\" style=\"line-height: 1.28; text-align: justify; margin-top: 0pt; margin-bottom: 0pt;\"><span style=\"font-size: 11pt; color: #525252; background-color: transparent; font-variant: normal; vertical-align: baseline;\">Impulsar una cultura organizacional orientada a la protecci\u00f3n de la informaci\u00f3n, integrando la seguridad en las pr\u00e1cticas diarias del personal a trav\u00e9s de programas de sensibilizaci\u00f3n, formaci\u00f3n continua y refuerzo de las responsabilidades individuales respecto al uso seguro de las tecnolog\u00edas.<\/span><\/p><\/li><li dir=\"ltr\" style=\"list-style-type: disc; font-size: 11pt; font-family: Roboto, sans-serif; color: #bc0202; font-variant: normal; white-space: pre-wrap;\"><p dir=\"ltr\" style=\"line-height: 1.28; text-align: justify; margin-top: 0pt; margin-bottom: 0pt;\"><span style=\"font-size: 11pt; color: #525252; background-color: transparent; font-variant: normal; vertical-align: baseline;\">Garantizar el cumplimiento de la normativa de protecci\u00f3n de datos personales aplicable (Chile y mercados regionales), asegurando que el 100% de los procesos que involucren datos sensibles cuenten con controles implementados, documentaci\u00f3n actualizada y mecanismos de respuesta ante incidentes de privacidad.<\/span><\/p><\/li><li dir=\"ltr\" style=\"list-style-type: disc; font-size: 11pt; font-family: Roboto, sans-serif; color: #bc0202; font-variant: normal; white-space: pre-wrap;\"><p dir=\"ltr\" style=\"line-height: 1.28; text-align: justify; margin-top: 0pt; margin-bottom: 0pt;\"><span style=\"font-size: 11pt; color: #525252; background-color: transparent; font-variant: normal; vertical-align: baseline;\">Establecer lineamientos y controles para el uso seguro de herramientas de inteligencia artificial, asegurando que su adopci\u00f3n dentro de la organizaci\u00f3n se realice de forma controlada, minimizando riesgos de fuga de informaci\u00f3n, uso indebido o exposici\u00f3n de datos sensibles.<\/span><\/p><\/li><\/ul><p>\u00a0<\/p><p dir=\"ltr\" style=\"color: #000000; font-family: 'Lato 2', sans-serif, system-ui, -apple-system, 'Segoe UI', Roboto, Ubuntu, Cantarell, 'Noto Sans'; font-size: 14px; letter-spacing: normal; line-height: 1.284; text-align: justify; margin-top: 0pt; margin-bottom: 8pt;\"><span style=\"font-size: 11pt; font-family: Roboto, sans-serif; color: #525252; background-color: transparent; font-variant: normal; vertical-align: baseline; white-space: pre-wrap;\">El cumplimiento de estos objetivos ser\u00e1 revisado peri\u00f3dicamente por el Comit\u00e9 de Seguridad, asegurando su seguimiento, medici\u00f3n y mejora continua conforme a los lineamientos del SGSI<\/span><\/p><p dir=\"ltr\" style=\"color: #000000; font-family: 'Lato 2', sans-serif, system-ui, -apple-system, 'Segoe UI', Roboto, Ubuntu, Cantarell, 'Noto Sans'; font-size: 14px; letter-spacing: normal; line-height: 1.38; text-align: justify; margin-top: 0pt; margin-bottom: 0pt;\"><span style=\"font-size: 11pt; font-family: Roboto, sans-serif; color: #525252; background-color: transparent; font-variant: normal; vertical-align: baseline; white-space: pre-wrap;\">En Rocketbot nuestras pol\u00edticas y procedimientos en cuanto a la Seguridad de la Informaci\u00f3n son del conocimiento general de los empleados, cuando se aplican. En la medida de lo posible y con base al Plan de Comunicaci\u00f3n del SGSI definido, nuestras partes interesadas clave ser\u00e1n informadas de nuestros lineamientos y mejores pr\u00e1cticas.<\/span><\/p>\t\t\t\t\t\t\t\t<\/div>\n\t\t\t\t<\/div>\n\t\t\t\t\t<\/div>\n\t\t<\/div>\n\t\t\t\t\t<\/div>\n\t\t<\/section>\n\t\t\t\t<section class=\"elementor-section elementor-top-section elementor-element elementor-element-528143c elementor-section-boxed elementor-section-height-default elementor-section-height-default\" data-id=\"528143c\" data-element_type=\"section\" data-e-type=\"section\">\n\t\t\t\t\t\t<div class=\"elementor-container elementor-column-gap-default\">\n\t\t\t\t\t<div class=\"elementor-column elementor-col-100 elementor-top-column elementor-element elementor-element-f100b70\" data-id=\"f100b70\" data-element_type=\"column\" data-e-type=\"column\">\n\t\t\t<div class=\"elementor-widget-wrap\">\n\t\t\t\t\t\t\t<\/div>\n\t\t<\/div>\n\t\t\t\t\t<\/div>\n\t\t<\/section>\n\t\t\t\t<\/div>\n\t\t","protected":false},"excerpt":{"rendered":"<p>Pol\u00edticas de seguridad La Seguridad de la Informaci\u00f3n en Rocketbot es parte fundamental del negocio para as\u00ed entregar confianza a nuestros clientes y usuarios sobre las tecnolog\u00edas de la informaci\u00f3n que operamos. La data, con base en nuestra clasificaci\u00f3n de la informaci\u00f3n, es gestionada con los m\u00e1s altos est\u00e1ndares seg\u00fan las mejores pr\u00e1cticas disponibles en [&hellip;]<\/p>\n","protected":false},"author":11,"featured_media":0,"parent":0,"menu_order":0,"comment_status":"closed","ping_status":"closed","template":"","meta":{"footnotes":""},"class_list":["post-244608","page","type-page","status-publish","hentry"],"_links":{"self":[{"href":"https:\/\/rocketbot.com\/es\/wp-json\/wp\/v2\/pages\/244608","targetHints":{"allow":["GET"]}}],"collection":[{"href":"https:\/\/rocketbot.com\/es\/wp-json\/wp\/v2\/pages"}],"about":[{"href":"https:\/\/rocketbot.com\/es\/wp-json\/wp\/v2\/types\/page"}],"author":[{"embeddable":true,"href":"https:\/\/rocketbot.com\/es\/wp-json\/wp\/v2\/users\/11"}],"replies":[{"embeddable":true,"href":"https:\/\/rocketbot.com\/es\/wp-json\/wp\/v2\/comments?post=244608"}],"version-history":[{"count":7,"href":"https:\/\/rocketbot.com\/es\/wp-json\/wp\/v2\/pages\/244608\/revisions"}],"predecessor-version":[{"id":244616,"href":"https:\/\/rocketbot.com\/es\/wp-json\/wp\/v2\/pages\/244608\/revisions\/244616"}],"wp:attachment":[{"href":"https:\/\/rocketbot.com\/es\/wp-json\/wp\/v2\/media?parent=244608"}],"curies":[{"name":"wp","href":"https:\/\/api.w.org\/{rel}","templated":true}]}}