{"id":995,"date":"2022-01-05T17:19:48","date_gmt":"2022-01-05T17:19:48","guid":{"rendered":"http:\/\/3.85.37.35\/?page_id=995"},"modified":"2022-01-19T15:45:03","modified_gmt":"2022-01-19T15:45:03","slug":"descargas-rpa","status":"publish","type":"page","link":"https:\/\/rocketbot.com\/es\/descargas-rpa\/","title":{"rendered":"Descargas"},"content":{"rendered":"\t\t<div data-elementor-type=\"wp-page\" data-elementor-id=\"995\" class=\"elementor elementor-995\" data-elementor-post-type=\"page\">\n\t\t\t\t\t\t<section class=\"elementor-section elementor-top-section elementor-element elementor-element-6894737 elementor-section-height-min-height elementor-section-boxed elementor-section-height-default elementor-section-items-middle\" data-id=\"6894737\" data-element_type=\"section\" data-e-type=\"section\" data-settings=\"{&quot;background_background&quot;:&quot;classic&quot;}\">\n\t\t\t\t\t\t\t<div class=\"elementor-background-overlay\"><\/div>\n\t\t\t\t\t\t\t<div class=\"elementor-container elementor-column-gap-default\">\n\t\t\t\t\t<div class=\"elementor-column elementor-col-100 elementor-top-column elementor-element elementor-element-3d567a1\" data-id=\"3d567a1\" data-element_type=\"column\" data-e-type=\"column\">\n\t\t\t<div class=\"elementor-widget-wrap elementor-element-populated\">\n\t\t\t\t\t\t<div class=\"elementor-element elementor-element-5878df7 elementor-widget__width-auto elementor-widget elementor-widget-heading\" data-id=\"5878df7\" data-element_type=\"widget\" data-e-type=\"widget\" data-widget_type=\"heading.default\">\n\t\t\t\t<div class=\"elementor-widget-container\">\n\t\t\t\t\t<h2 class=\"elementor-heading-title elementor-size-default\">Rockebot Studio<\/h2>\t\t\t\t<\/div>\n\t\t\t\t<\/div>\n\t\t\t\t<div class=\"elementor-element elementor-element-438e5c4 elementor-widget__width-auto elementor-widget elementor-widget-button\" data-id=\"438e5c4\" data-element_type=\"widget\" data-e-type=\"widget\" data-widget_type=\"button.default\">\n\t\t\t\t<div class=\"elementor-widget-container\">\n\t\t\t\t\t\t\t\t\t<div class=\"elementor-button-wrapper\">\n\t\t\t\t\t<a class=\"elementor-button elementor-button-link elementor-size-sm\" href=\"https:\/\/github.com\/rocketbot-cl\/rocketbot\" target=\"_blank\">\n\t\t\t\t\t\t<span class=\"elementor-button-content-wrapper\">\n\t\t\t\t\t\t\t\t\t<span class=\"elementor-button-text\">release notes<\/span>\n\t\t\t\t\t<\/span>\n\t\t\t\t\t<\/a>\n\t\t\t\t<\/div>\n\t\t\t\t\t\t\t\t<\/div>\n\t\t\t\t<\/div>\n\t\t\t\t<div class=\"elementor-element elementor-element-a6c5235 elementor-widget elementor-widget-heading\" data-id=\"a6c5235\" data-element_type=\"widget\" data-e-type=\"widget\" data-widget_type=\"heading.default\">\n\t\t\t\t<div class=\"elementor-widget-container\">\n\t\t\t\t\t<h2 class=\"elementor-heading-title elementor-size-default\">Deja tus datos y te enviaremos los enlaces a tu correo electr\u00f3nico<\/h2>\t\t\t\t<\/div>\n\t\t\t\t<\/div>\n\t\t\t\t<div class=\"elementor-element elementor-element-1362a84 elementor-widget-divider--view-line elementor-widget elementor-widget-divider\" data-id=\"1362a84\" data-element_type=\"widget\" data-e-type=\"widget\" data-widget_type=\"divider.default\">\n\t\t\t\t<div class=\"elementor-widget-container\">\n\t\t\t\t\t\t\t<div class=\"elementor-divider\">\n\t\t\t<span class=\"elementor-divider-separator\">\n\t\t\t\t\t\t<\/span>\n\t\t<\/div>\n\t\t\t\t\t\t<\/div>\n\t\t\t\t<\/div>\n\t\t\t\t<div class=\"elementor-element elementor-element-3f06f2e elementor-widget elementor-widget-elementskit-contact-form7\" data-id=\"3f06f2e\" data-element_type=\"widget\" data-e-type=\"widget\" data-widget_type=\"elementskit-contact-form7.default\">\n\t\t\t\t<div class=\"elementor-widget-container\">\n\t\t\t\t\t<div class=\"ekit-wid-con\" ><div class=\"ekit-form\">\n<div class=\"wpcf7 no-js\" id=\"wpcf7-f1519-p995-o1\" lang=\"es-ES\" dir=\"ltr\" data-wpcf7-id=\"1519\">\n<div class=\"screen-reader-response\"><p role=\"status\" aria-live=\"polite\" aria-atomic=\"true\"><\/p> <ul><\/ul><\/div>\n<form action=\"\/es\/descargas-rpa\/#wpcf7-f1519-p995-o1\" method=\"post\" class=\"wpcf7-form init\" aria-label=\"Formulario de contacto\" novalidate=\"novalidate\" data-status=\"init\">\n<fieldset class=\"hidden-fields-container\"><input type=\"hidden\" name=\"_wpcf7\" value=\"1519\" \/><input type=\"hidden\" name=\"_wpcf7_version\" value=\"6.1.5\" \/><input type=\"hidden\" name=\"_wpcf7_locale\" value=\"es_ES\" \/><input type=\"hidden\" name=\"_wpcf7_unit_tag\" value=\"wpcf7-f1519-p995-o1\" \/><input type=\"hidden\" name=\"_wpcf7_container_post\" value=\"995\" \/><input type=\"hidden\" name=\"_wpcf7_posted_data_hash\" value=\"\" \/><input type=\"hidden\" name=\"_wpcf7_recaptcha_response\" value=\"\" \/>\n<\/fieldset>\n<div class=\"form-row\">\n\t<div class=\"column-half\">\n\t\t<p><label> Nombre<br \/>\n<span class=\"wpcf7-form-control-wrap\" data-name=\"your-name\"><input size=\"40\" maxlength=\"400\" class=\"wpcf7-form-control wpcf7-text wpcf7-validates-as-required\" aria-required=\"true\" aria-invalid=\"false\" value=\"\" type=\"text\" name=\"your-name\" \/><\/span> <\/label>\n\t\t<\/p>\n\t<\/div>\n\t<div class=\"column-half\">\n\t\t<p><label> Apellido<br \/>\n<span class=\"wpcf7-form-control-wrap\" data-name=\"Apellido\"><input size=\"40\" maxlength=\"400\" class=\"wpcf7-form-control wpcf7-text wpcf7-validates-as-required\" aria-required=\"true\" aria-invalid=\"false\" value=\"\" type=\"text\" name=\"Apellido\" \/><\/span> <\/label>\n\t\t<\/p>\n\t<\/div>\n<\/div>\n<div class=\"form-row\">\n\t<div class=\"column-half\">\n\t\t<p><label> Empresa<br \/>\n<span class=\"wpcf7-form-control-wrap\" data-name=\"Empresa\"><input size=\"40\" maxlength=\"400\" class=\"wpcf7-form-control wpcf7-text wpcf7-validates-as-required\" aria-required=\"true\" aria-invalid=\"false\" value=\"\" type=\"text\" name=\"Empresa\" \/><\/span> <\/label>\n\t\t<\/p>\n\t<\/div>\n\t<div class=\"column-half\">\n\t\t<p><label> Pa\u00eds<br \/>\n<span class=\"wpcf7-form-control-wrap\" data-name=\"Pais\"><select class=\"wpcf7-form-control wpcf7-select wpcf7-validates-as-required\" aria-required=\"true\" aria-invalid=\"false\" name=\"Pais\"><option value=\"\">&#8212;Por favor, elige una opci\u00f3n&#8212;<\/option><\/select><\/span> <\/label>\n\t\t<\/p>\n\t<\/div>\n<\/div>\n<div class=\"form-row\">\n\t<div class=\"column-half\">\n\t\t<p><label> Departamento<br \/>\n<span class=\"wpcf7-form-control-wrap\" data-name=\"departamento\"><select class=\"wpcf7-form-control wpcf7-select wpcf7-validates-as-required\" aria-required=\"true\" aria-invalid=\"false\" name=\"departamento\"><option value=\"\">&#8212;Por favor, elige una opci\u00f3n&#8212;<\/option><option value=\"Cuentas y finanzas\">Cuentas y finanzas<\/option><option value=\"Gerencia Administrativa\">Gerencia Administrativa<\/option><option value=\"Servicio al Cliente\">Servicio al Cliente<\/option><option value=\"Recursos humanos\">Recursos humanos<\/option><option value=\"Legal\">Legal<\/option><option value=\"Marketing\">Marketing<\/option><option value=\"Producci\u00f3n\">Producci\u00f3n<\/option><option value=\"Compras\">Compras<\/option><option value=\"Desarrollo\">Desarrollo<\/option><option value=\"Ventas\">Ventas<\/option><\/select><\/span> <\/label>\n\t\t<\/p>\n\t<\/div>\n\t<div class=\"column-half\">\n\t\t<p><label> Nivel<br \/>\n<span class=\"wpcf7-form-control-wrap\" data-name=\"Nivel\"><select class=\"wpcf7-form-control wpcf7-select wpcf7-validates-as-required\" aria-required=\"true\" aria-invalid=\"false\" name=\"Nivel\"><option value=\"\">&#8212;Por favor, elige una opci\u00f3n&#8212;<\/option><option value=\"Freelancer\">Freelancer<\/option><option value=\"Estudiante\">Estudiante<\/option><option value=\"Externo\">Externo<\/option><option value=\"Gerente\">Gerente<\/option><option value=\"Director\">Director<\/option><option value=\"Vice presidente\">Vice presidente<\/option><option value=\"Ejecutivo\/ C-Level\">Ejecutivo\/ C-Level<\/option><\/select><\/span> <\/label>\n\t\t<\/p>\n\t<\/div>\n<\/div>\n<div class=\"form-row\">\n\t<div class=\"column-full\">\n\t\t<p><label> Industria<br \/>\n<span class=\"wpcf7-form-control-wrap\" data-name=\"industria\"><select class=\"wpcf7-form-control wpcf7-select wpcf7-validates-as-required\" aria-required=\"true\" aria-invalid=\"false\" name=\"industria\"><option value=\"\">&#8212;Por favor, elige una opci\u00f3n&#8212;<\/option><option value=\"Banco y finanzas\">Banco y finanzas<\/option><option value=\"Energ\u00eda y servicios p\u00fablicos\">Energ\u00eda y servicios p\u00fablicos<\/option><option value=\"Entretenimiento y medios\">Entretenimiento y medios<\/option><option value=\"Gobierno\">Gobierno<\/option><option value=\"Educaci\u00f3n\">Educaci\u00f3n<\/option><option value=\"Salud y cuidado\">Salud y cuidado<\/option><option value=\"Seguros\">Seguros<\/option><option value=\"Log\u00edstica\">Log\u00edstica<\/option><option value=\"Manufactura\">Manufactura<\/option><option value=\"Productos farmac\u00e9uticos\">Productos farmac\u00e9uticos<\/option><option value=\"Retail\">Retail<\/option><option value=\"Tecnolog\u00eda\">Tecnolog\u00eda<\/option><option value=\"Telecomunicaciones\">Telecomunicaciones<\/option><option value=\"Turismo\">Turismo<\/option><option value=\"Otro\">Otro<\/option><\/select><\/span> <\/label>\n\t\t<\/p>\n\t<\/div>\n<\/div>\n<div class=\"form-row\">\n\t<div class=\"column-half\">\n\t\t<p><label> Tel\u00e9fono<br \/>\n<span class=\"wpcf7-form-control-wrap\" data-name=\"Telefono\"><input size=\"40\" maxlength=\"400\" class=\"wpcf7-form-control wpcf7-tel wpcf7-validates-as-required wpcf7-text wpcf7-validates-as-tel\" aria-required=\"true\" aria-invalid=\"false\" value=\"\" type=\"tel\" name=\"Telefono\" \/><\/span><\/label>\n\t\t<\/p>\n\t<\/div>\n\t<div class=\"column-half\">\n\t\t<p><label> Email<br \/>\n<span class=\"wpcf7-form-control-wrap\" data-name=\"Email\"><input size=\"40\" maxlength=\"400\" class=\"wpcf7-form-control wpcf7-email wpcf7-validates-as-required wpcf7-text wpcf7-validates-as-email\" aria-required=\"true\" aria-invalid=\"false\" value=\"\" type=\"email\" name=\"Email\" \/><\/span><\/label>\n\t\t<\/p>\n\t<\/div>\n<\/div>\n<div class=\"form-row\">\n\t<div class=\"column-full\">\n\t\t<p><span class=\"wpcf7-form-control-wrap\" data-name=\"acceptance-politicasPrivacidad\"><span class=\"wpcf7-form-control wpcf7-acceptance\"><span class=\"wpcf7-list-item\"><label><input type=\"checkbox\" name=\"acceptance-politicasPrivacidad\" value=\"1\" aria-invalid=\"false\" \/><span class=\"wpcf7-list-item-label\">He le\u00eddo y acepto las <a style=\"color:#BC0017\" href=\"\/politicas-de-privacidad\/\">pol\u00edticas de privacidad<\/a><\/span><\/label><\/span><\/span><\/span>\n\t\t<\/p>\n\t<\/div>\n<\/div>\n<div class=\"form-row\">\n\t<div class=\"column-full\">\n\t\t<p><span class=\"wpcf7-form-control-wrap\" data-name=\"checkbox-informacion\"><span class=\"wpcf7-form-control wpcf7-checkbox\"><span class=\"wpcf7-list-item first last\"><label><input type=\"checkbox\" name=\"checkbox-informacion[]\" value=\"Me gustar\u00eda recibir informaci\u00f3n sobre Rocketbot como noticias sobre productos, servicios, eventos y promociones\" \/><span class=\"wpcf7-list-item-label\">Me gustar\u00eda recibir informaci\u00f3n sobre Rocketbot como noticias sobre productos, servicios, eventos y promociones<\/span><\/label><\/span><\/span><\/span>\n\t\t<\/p>\n\t<\/div>\n<\/div>\n<div class=\"form-row\">\n\t<div class=\"column-full\">\n\t\t<p><input class=\"wpcf7-form-control wpcf7-submit has-spinner\" type=\"submit\" value=\"Enviar\" \/>\n\t\t<\/p>\n\t<\/div>\n<\/div>\n<div class=\"form-row\">\n\t<div class=\"column-full\">\n\t\t<p><small>Rocketbot se compromete a proteger los datos personales, que estos no ser\u00e1n ni vendidos ni compartidos por ning\u00fan motivo. Rocketbot y sus trabajadores se har\u00e1n responsables de asegurar la seguridad, integridad y confidencialidad de la informaci\u00f3n que usted pueda entregarnos.<\/small>\n\t\t<\/p>\n\t<\/div>\n<\/div><div class=\"wpcf7-response-output\" aria-hidden=\"true\"><\/div>\n<\/form>\n<\/div>\n<\/div><\/div>\t\t\t\t<\/div>\n\t\t\t\t<\/div>\n\t\t\t\t\t<\/div>\n\t\t<\/div>\n\t\t\t\t\t<\/div>\n\t\t<\/section>\n\t\t\t\t<\/div>\n\t\t","protected":false},"excerpt":{"rendered":"<p>Rockebot Studio release notes Deja tus datos y te enviaremos los enlaces a tu correo electr\u00f3nico Tu nombre Apellido Empresa Pa\u00eds &#8212;ArubaAfganist\u00e1nAngolaAnguilaIslas de \u00c5landAlbaniaAndorraEmiratos \u00c1rabes UnidosArgentinaArmeniaSamoa AmericanaAntarcticaTerritorios Australes y Ant\u00e1rticas FrancesesAntigua and BarbudaAustraliaAustriaAzerbay\u00e1nBurundiB\u00e9lgicaBen\u00ednBonaire, San Eustaquio y SabaBurkina FasoBangladeshBulgariaBahreinBahamasBosnia and HerzegovinaSan Bartolom\u00e9BielorrusiaBeliceIslas BermudasBoliviaBrasilBarbadosBrun\u00e9iBhut\u00e1nIsla BouvetBotsuanaRep\u00fablica CentroafricanaCanadaIslas Cocos (Keeling)SuizaChileChinaCosta de MarfilCamer\u00fanCongo, Rep\u00fablica Democr\u00e1tica delCongoIslas CookColombiaComorasCabo VerdeCosta RicaCubaCurazaoIsla de [&hellip;]<\/p>\n","protected":false},"author":11,"featured_media":0,"parent":0,"menu_order":0,"comment_status":"closed","ping_status":"closed","template":"","meta":{"footnotes":""},"class_list":["post-995","page","type-page","status-publish","hentry"],"_links":{"self":[{"href":"https:\/\/rocketbot.com\/es\/wp-json\/wp\/v2\/pages\/995","targetHints":{"allow":["GET"]}}],"collection":[{"href":"https:\/\/rocketbot.com\/es\/wp-json\/wp\/v2\/pages"}],"about":[{"href":"https:\/\/rocketbot.com\/es\/wp-json\/wp\/v2\/types\/page"}],"author":[{"embeddable":true,"href":"https:\/\/rocketbot.com\/es\/wp-json\/wp\/v2\/users\/11"}],"replies":[{"embeddable":true,"href":"https:\/\/rocketbot.com\/es\/wp-json\/wp\/v2\/comments?post=995"}],"version-history":[{"count":16,"href":"https:\/\/rocketbot.com\/es\/wp-json\/wp\/v2\/pages\/995\/revisions"}],"predecessor-version":[{"id":1528,"href":"https:\/\/rocketbot.com\/es\/wp-json\/wp\/v2\/pages\/995\/revisions\/1528"}],"wp:attachment":[{"href":"https:\/\/rocketbot.com\/es\/wp-json\/wp\/v2\/media?parent=995"}],"curies":[{"name":"wp","href":"https:\/\/api.w.org\/{rel}","templated":true}]}}